{"id":18,"date":"2019-06-28T05:20:04","date_gmt":"2019-06-28T05:20:04","guid":{"rendered":"https:\/\/gpsites.co\/grill\/?page_id=18"},"modified":"2024-12-23T07:26:39","modified_gmt":"2024-12-23T06:26:39","slug":"your-favorite-restaurant","status":"publish","type":"page","link":"https:\/\/lemondederachele.ch\/","title":{"rendered":"Le Monde de Rach\u00e8le"},"content":{"rendered":"<div class=\"gb-container gb-container-500e91bf\">\n<div class=\"gb-container gb-container-dbc8e620\">\n\n<p style=\"font-style:normal;font-weight:500\">Rue du Grand-Pont 3 &#8211; 1950 Sion<\/p>\n\n<\/div>\n\n<div class=\"gb-container gb-container-9a824d31\">\n<figure class=\"gb-block-image gb-block-image-2773158c\"><a href=\"https:\/\/lemondederachele.ch\/wp-content\/uploads\/2024\/12\/IMG_3809.jpg\"><img loading=\"lazy\" decoding=\"async\" width=\"1600\" height=\"1200\" class=\"gb-image gb-image-2773158c\" src=\"https:\/\/lemondederachele.ch\/wp-content\/uploads\/2024\/12\/IMG_3809.jpg\" alt=\"\" title=\"IMG_3809\" srcset=\"https:\/\/lemondederachele.ch\/wp-content\/uploads\/2024\/12\/IMG_3809.jpg 1600w, https:\/\/lemondederachele.ch\/wp-content\/uploads\/2024\/12\/IMG_3809-300x225.jpg 300w, https:\/\/lemondederachele.ch\/wp-content\/uploads\/2024\/12\/IMG_3809-1024x768.jpg 1024w, https:\/\/lemondederachele.ch\/wp-content\/uploads\/2024\/12\/IMG_3809-768x576.jpg 768w, https:\/\/lemondederachele.ch\/wp-content\/uploads\/2024\/12\/IMG_3809-1536x1152.jpg 1536w\" sizes=\"auto, (max-width: 1600px) 100vw, 1600px\" \/><\/a><\/figure>\n\n<figure class=\"gb-block-image gb-block-image-92c10e0a\"><a href=\"https:\/\/lemondederachele.ch\/wp-content\/uploads\/2024\/12\/20161001_151225000_iOS.jpg\"><img loading=\"lazy\" decoding=\"async\" width=\"1600\" height=\"1200\" class=\"gb-image gb-image-92c10e0a\" src=\"https:\/\/lemondederachele.ch\/wp-content\/uploads\/2024\/12\/20161001_151225000_iOS.jpg\" alt=\"\" title=\"20161001_151225000_iOS\" srcset=\"https:\/\/lemondederachele.ch\/wp-content\/uploads\/2024\/12\/20161001_151225000_iOS.jpg 1600w, https:\/\/lemondederachele.ch\/wp-content\/uploads\/2024\/12\/20161001_151225000_iOS-300x225.jpg 300w, https:\/\/lemondederachele.ch\/wp-content\/uploads\/2024\/12\/20161001_151225000_iOS-1024x768.jpg 1024w, https:\/\/lemondederachele.ch\/wp-content\/uploads\/2024\/12\/20161001_151225000_iOS-768x576.jpg 768w, https:\/\/lemondederachele.ch\/wp-content\/uploads\/2024\/12\/20161001_151225000_iOS-1536x1152.jpg 1536w\" sizes=\"auto, (max-width: 1600px) 100vw, 1600px\" \/><\/a><\/figure>\n\n<figure class=\"gb-block-image gb-block-image-232b02e0\"><a href=\"https:\/\/lemondederachele.ch\/wp-content\/uploads\/2024\/12\/IMG_3808.jpg\"><img loading=\"lazy\" decoding=\"async\" width=\"1600\" height=\"1200\" class=\"gb-image gb-image-232b02e0\" src=\"https:\/\/lemondederachele.ch\/wp-content\/uploads\/2024\/12\/IMG_3808.jpg\" alt=\"\" title=\"IMG_3808\" srcset=\"https:\/\/lemondederachele.ch\/wp-content\/uploads\/2024\/12\/IMG_3808.jpg 1600w, https:\/\/lemondederachele.ch\/wp-content\/uploads\/2024\/12\/IMG_3808-300x225.jpg 300w, https:\/\/lemondederachele.ch\/wp-content\/uploads\/2024\/12\/IMG_3808-1024x768.jpg 1024w, https:\/\/lemondederachele.ch\/wp-content\/uploads\/2024\/12\/IMG_3808-768x576.jpg 768w, https:\/\/lemondederachele.ch\/wp-content\/uploads\/2024\/12\/IMG_3808-1536x1152.jpg 1536w\" sizes=\"auto, (max-width: 1600px) 100vw, 1600px\" \/><\/a><\/figure>\n\n<figure class=\"gb-block-image gb-block-image-e37df5f3\"><a href=\"https:\/\/lemondederachele.ch\/wp-content\/uploads\/2024\/12\/20161001_151306000_iOS.jpg\"><img loading=\"lazy\" decoding=\"async\" width=\"1600\" height=\"1200\" class=\"gb-image gb-image-e37df5f3\" src=\"https:\/\/lemondederachele.ch\/wp-content\/uploads\/2024\/12\/20161001_151306000_iOS.jpg\" alt=\"\" title=\"20161001_151306000_iOS\" srcset=\"https:\/\/lemondederachele.ch\/wp-content\/uploads\/2024\/12\/20161001_151306000_iOS.jpg 1600w, https:\/\/lemondederachele.ch\/wp-content\/uploads\/2024\/12\/20161001_151306000_iOS-300x225.jpg 300w, https:\/\/lemondederachele.ch\/wp-content\/uploads\/2024\/12\/20161001_151306000_iOS-1024x768.jpg 1024w, https:\/\/lemondederachele.ch\/wp-content\/uploads\/2024\/12\/20161001_151306000_iOS-768x576.jpg 768w, https:\/\/lemondederachele.ch\/wp-content\/uploads\/2024\/12\/20161001_151306000_iOS-1536x1152.jpg 1536w\" sizes=\"auto, (max-width: 1600px) 100vw, 1600px\" \/><\/a><\/figure>\n\n<figure class=\"gb-block-image gb-block-image-e0367d0e\"><a href=\"https:\/\/lemondederachele.ch\/wp-content\/uploads\/2024\/12\/IMG_3806_W2xEX_2x_JPG.jpg\"><img loading=\"lazy\" decoding=\"async\" width=\"960\" height=\"1280\" class=\"gb-image gb-image-e0367d0e\" src=\"https:\/\/lemondederachele.ch\/wp-content\/uploads\/2024\/12\/IMG_3806_W2xEX_2x_JPG.jpg\" alt=\"\" title=\"IMG_3806_W2xEX_2x_JPG\" srcset=\"https:\/\/lemondederachele.ch\/wp-content\/uploads\/2024\/12\/IMG_3806_W2xEX_2x_JPG.jpg 960w, https:\/\/lemondederachele.ch\/wp-content\/uploads\/2024\/12\/IMG_3806_W2xEX_2x_JPG-225x300.jpg 225w, https:\/\/lemondederachele.ch\/wp-content\/uploads\/2024\/12\/IMG_3806_W2xEX_2x_JPG-768x1024.jpg 768w\" sizes=\"auto, (max-width: 960px) 100vw, 960px\" \/><\/a><\/figure>\n<\/div>\n\n<div class=\"gb-container gb-container-9446de7d\">\n\n<p class=\"gb-headline gb-headline-f74d6ce1 gb-headline-text\">Raku &amp; Cuisine<\/p>\n\n<\/div>\n\n<div class=\"gb-container gb-container-ded4d041\">\n\n<h1 class=\"gb-headline gb-headline-8c89af47 gb-headline-text\">Le Monde de Rach\u00e8le<\/h1>\n\n<\/div>\n<\/div>\n\n<div class=\"gb-container gb-container-cd418881\">\n<div class=\"gb-container gb-container-ffe6fd60\">\n\n<h2 class=\"gb-headline gb-headline-c8d561d3 gb-headline-text\">Cuisine cr\u00e9ative<\/h2>\n\n\n\n<h3 class=\"gb-headline gb-headline-b0071fad gb-headline-text\">Table d&rsquo;h\u00f4te et service traiteur<\/h3>\n\n\n\n<p class=\"gb-headline gb-headline-c58757ae gb-headline-text\">Rach\u00e8le propose des repas en table d&rsquo;h\u00f4te et des buffets dans son monde, au c\u0153ur de Sion, \u00e0 la Rue du Grand-Pont 3 \u00e0 Sion.<\/p>\n\n\n\n<p>Ouverte tous les mercredi \u00e0 midi. Venez partager un moment gourmand et convivial \u00e0 la table de Rach\u00e8le. Sur <a href=\"#inscription\">inscription<\/a> jusqu&rsquo;au la veille, 12h.<\/p>\n\n\n\n<p>Envie d&rsquo;un repas priv\u00e9 pour une occasion sp\u00e9ciale ? Rach\u00e8le vous accueille \u00e0 sa table, possible jusqu&rsquo;\u00e0 environ 12 personnes.<\/p>\n\n\n\n<p>Sur demande, un service traiteur est possible.<\/p>\n\n\n\n<span class=\"gb-button gb-button-94b666c8 gb-button-text\">D\u00e9couvrir et R\u00e9server<\/span>\n\n\n\n<p>Les b\u00e9n\u00e9fices de cette activit\u00e9 permettent de d\u00e9velopper les activit\u00e9s de l&rsquo;association.<\/p>\n\n<\/div>\n\n<div class=\"gb-container gb-container-94f2ab34\">\n\n<figure class=\"gb-block-image gb-block-image-61c47e79\"><img loading=\"lazy\" decoding=\"async\" width=\"960\" height=\"1280\" class=\"gb-image gb-image-61c47e79\" src=\"https:\/\/lemondederachele.ch\/wp-content\/uploads\/2024\/12\/IMG_3807_W2xEX_2x_JPG.jpg\" alt=\"\" title=\"IMG_3807_W2xEX_2x_JPG\" srcset=\"https:\/\/lemondederachele.ch\/wp-content\/uploads\/2024\/12\/IMG_3807_W2xEX_2x_JPG.jpg 960w, https:\/\/lemondederachele.ch\/wp-content\/uploads\/2024\/12\/IMG_3807_W2xEX_2x_JPG-225x300.jpg 225w, https:\/\/lemondederachele.ch\/wp-content\/uploads\/2024\/12\/IMG_3807_W2xEX_2x_JPG-768x1024.jpg 768w\" sizes=\"auto, (max-width: 960px) 100vw, 960px\" \/><\/figure>\n\n<\/div>\n<\/div>\n\n<div class=\"gb-container gb-container-8198298a\">\n<div class=\"gb-container gb-container-3c53bbf8\">\n\n<h2 class=\"gb-headline gb-headline-5f1b4fe6 gb-headline-text\">RAKU<\/h2>\n\n\n\n<div class=\"gb-headline gb-headline-27c8f194 gb-headline-text\">Signifie :<br>Joie, Bonheur, S\u00e9r\u00e9nit\u00e9<br>dans une conception zen de la vie.<br>Le RAKU est une technique d&rsquo;\u00e9maillage<br>de la c\u00e9ramique d\u00e9velopp\u00e9e<br>dans le Japon du XVIe si\u00e8cle.<br>\u200b<br>Rach\u00e8le produit des pi\u00e8ces,<br>expose et propose des cours d&rsquo;initiation<br>dans son atelier<br>de la Rue du Grand-Pont 3 \u00e0 Sion.<\/div>\n\n\n\n<span class=\"gb-button gb-button-b2d7fa98 gb-button-text\">D\u00e9couvrir<\/span>\n\n<\/div>\n<\/div>","protected":false},"excerpt":{"rendered":"<p>Rue du Grand-Pont 3 &#8211; 1950 Sion Raku &amp; Cuisine Le Monde de Rach\u00e8le Cuisine cr\u00e9ative Table d&rsquo;h\u00f4te et service traiteur Rach\u00e8le propose des repas en table d&rsquo;h\u00f4te et des buffets dans son monde, au c\u0153ur de Sion, \u00e0 la Rue du Grand-Pont 3 \u00e0 Sion. Ouverte tous les mercredi \u00e0 midi. Venez partager un &#8230; <a title=\"Le Monde de Rach\u00e8le\" class=\"read-more\" href=\"https:\/\/lemondederachele.ch\/\" aria-label=\"En savoir plus sur Le Monde de Rach\u00e8le\">Lire plus<\/a><\/p>\n","protected":false},"author":1,"featured_media":434,"parent":0,"menu_order":0,"comment_status":"closed","ping_status":"closed","template":"","meta":{"footnotes":""},"class_list":["post-18","page","type-page","status-publish","has-post-thumbnail"],"_links":{"self":[{"href":"https:\/\/lemondederachele.ch\/index.php?rest_route=\/wp\/v2\/pages\/18","targetHints":{"allow":["GET"]}}],"collection":[{"href":"https:\/\/lemondederachele.ch\/index.php?rest_route=\/wp\/v2\/pages"}],"about":[{"href":"https:\/\/lemondederachele.ch\/index.php?rest_route=\/wp\/v2\/types\/page"}],"author":[{"embeddable":true,"href":"https:\/\/lemondederachele.ch\/index.php?rest_route=\/wp\/v2\/users\/1"}],"replies":[{"embeddable":true,"href":"https:\/\/lemondederachele.ch\/index.php?rest_route=%2Fwp%2Fv2%2Fcomments&post=18"}],"version-history":[{"count":21,"href":"https:\/\/lemondederachele.ch\/index.php?rest_route=\/wp\/v2\/pages\/18\/revisions"}],"predecessor-version":[{"id":534,"href":"https:\/\/lemondederachele.ch\/index.php?rest_route=\/wp\/v2\/pages\/18\/revisions\/534"}],"wp:featuredmedia":[{"embeddable":true,"href":"https:\/\/lemondederachele.ch\/index.php?rest_route=\/wp\/v2\/media\/434"}],"wp:attachment":[{"href":"https:\/\/lemondederachele.ch\/index.php?rest_route=%2Fwp%2Fv2%2Fmedia&parent=18"}],"curies":[{"name":"wp","href":"https:\/\/api.w.org\/{rel}","templated":true}]}}